{"id":2123,"date":"2023-02-13T12:15:35","date_gmt":"2023-02-13T11:15:35","guid":{"rendered":"https:\/\/service4sales.de\/?page_id=2123"},"modified":"2023-06-29T15:37:55","modified_gmt":"2023-06-29T13:37:55","slug":"impressum","status":"publish","type":"page","link":"https:\/\/service4sales.de\/da\/impressum\/","title":{"rendered":"Aftryk"},"content":{"rendered":"<div id='av_section_1'  class='avia-section av-9n9z2z-0e416e4d07a56fc18824719bb0482ce5 main_color avia-section-default avia-no-border-styling  avia-builder-el-0  avia-builder-el-no-sibling  avia-bg-style-scroll container_wrap fullsize'  ><div class='container av-section-cont-open' ><main  role=\"main\" itemprop=\"mainContentOfPage\"  class='template-page content  av-content-full alpha units'><div class='post-entry post-entry-type-page post-entry-2123'><div class='entry-content-wrapper clearfix'>\n\n<style type=\"text\/css\" data-created_by=\"avia_inline_auto\" id=\"style-css-av-5zh16j-bc81c6edd38e1ca6f7e06ef33c2e7f68\">\n#top .av-special-heading.av-5zh16j-bc81c6edd38e1ca6f7e06ef33c2e7f68{\npadding-bottom:10px;\n}\nbody .av-special-heading.av-5zh16j-bc81c6edd38e1ca6f7e06ef33c2e7f68 .av-special-heading-tag .heading-char{\nfont-size:25px;\n}\n.av-special-heading.av-5zh16j-bc81c6edd38e1ca6f7e06ef33c2e7f68 .av-subheading{\nfont-size:15px;\n}\n<\/style>\n<div  class='av-special-heading av-5zh16j-bc81c6edd38e1ca6f7e06ef33c2e7f68 av-special-heading-h1 blockquote modern-quote  avia-builder-el-1  el_before_av_textblock  avia-builder-el-first'><h1 class='av-special-heading-tag'  itemprop=\"headline\"  >Aftryk<\/h1><div class=\"special-heading-border\"><div class=\"special-heading-inner-border\"><\/div><\/div><\/div>\n<section  class='av_textblock_section av-3wjmp7-826fe77ac29cc2ea02fb079a0be4879c'  itemscope=\"itemscope\" itemtype=\"https:\/\/schema.org\/CreativeWork\" ><div class='avia_textblock'  itemprop=\"text\" ><p><strong>Aftryk<\/strong><\/p>\n<p><strong>service<\/strong><strong>4<\/strong><strong>sales gmbh<\/strong><br \/>\nAm Osterberg 9<br \/>\n21220 Seevetal<\/p>\n<p>Telefon: +49 (0) 4185 70 80 90<br \/>\nE-mail:\u00a0<a href=\"mailto:info@service4sales.de\">info@service4sales.de<\/a><\/p>\n<p><strong>Ledelse:<\/strong><br \/>\nUwe Christensen<br \/>\nFru Beryll Daub<\/p>\n<p><strong>Registrer indtastning:<\/strong><br \/>\nRegistreret i handelsregistret.<br \/>\nRegisterdomstol: Amtsretten i L\u00fcneburg<br \/>\nRegistreringsnummer: HRB111388<\/p>\n<p><strong>MOMS-ID:\u00a0<\/strong><br \/>\nMomsregistreringsnummer i henhold til \u00a727a i momsloven:<br \/>\nDE813989572<\/p>\n<p><strong>Ansvarlig for det redaktionelle indhold<\/strong>\u00a0(i henhold til \u00a7 55 stk. 2 i RStV):<br \/>\nFru Beryll Daub<\/p>\n<p><strong>Billedrettigheder:<\/strong><br \/>\n\u00a9 Shutterstock.com<\/p>\n<p><strong>Ansvarsfraskrivelse - juridisk information<\/strong><\/p>\n<ul>\n<li>1 Begr\u00e6nsning af ansvar<br \/>\nIndholdet p\u00e5 denne hjemmeside er skabt med den st\u00f8rst mulige omhu. Udbyderen p\u00e5tager sig dog intet ansvar for n\u00f8jagtigheden, fuldst\u00e6ndigheden og aktualiteten af det leverede indhold. Brugen af hjemmesidens indhold sker p\u00e5 brugerens eget ansvar. Bidrag, der er identificeret ved navn, afspejler den respektive forfatters mening og ikke altid udbyderens mening. Den blotte brug af udbyderens websted udg\u00f8r ikke noget kontraktforhold mellem brugeren og udbyderen.<\/li>\n<li>2 Brugen af kontaktdataene i vores aftryk til kommerciel reklame er udtrykkeligt ikke \u00f8nsket, medmindre vi har givet vores forudg\u00e5ende skriftlige samtykke, eller der allerede eksisterer et forretningsforhold. Udbyderen og alle personer, der er n\u00e6vnt p\u00e5 denne hjemmeside, g\u00f8r hermed indsigelse mod enhver kommerciel brug og videregivelse af deres data.<\/li>\n<\/ul>\n<ul>\n<li>3 Eksterne links<br \/>\nDette websted indeholder links til tredjepartswebsteder (\"eksterne links\"). Disse hjemmesider er underlagt de respektive operat\u00f8rers ansvar. Da de eksterne links f\u00f8rst blev oprettet, kontrollerede udbyderen det eksterne indhold for eventuelle lovovertr\u00e6delser. P\u00e5 det tidspunkt var der ingen juridiske overtr\u00e6delser. Udbyderen har ingen indflydelse p\u00e5 det nuv\u00e6rende og fremtidige design og indhold af de linkede sider. Medtagelsen af eksterne links betyder ikke, at udbyderen g\u00f8r indholdet bag henvisningen eller linket til sit eget. Det er ikke rimeligt for udbyderen konstant at overv\u00e5ge de eksterne links uden konkrete indikationer p\u00e5 juridiske overtr\u00e6delser. Men hvis juridiske overtr\u00e6delser bliver kendt, vil s\u00e5danne eksterne links blive slettet med det samme.<\/li>\n<li>4 Ophavsrettigheder og supplerende ophavsrettigheder<br \/>\nIndholdet, der offentligg\u00f8res p\u00e5 denne hjemmeside, er underlagt tysk lov om ophavsret og supplerende ophavsret. Enhver brug, der ikke er tilladt i henhold til tysk lov om ophavsret og supplerende ophavsret, kr\u00e6ver forudg\u00e5ende skriftligt samtykke fra udbyderen eller den respektive rettighedshaver. Dette g\u00e6lder is\u00e6r for kopiering, redigering, overs\u00e6ttelse, lagring, behandling eller reproduktion af indhold i databaser eller andre elektroniske medier og systemer. Tredjepartsindhold og -rettigheder er markeret som s\u00e5dan. Uautoriseret reproduktion eller transmission af individuelt indhold eller komplette sider er ikke tilladt og er strafbart ved lov. Kun fremstilling af kopier og downloads til personlig, privat og ikke-kommerciel brug er tilladt.<\/li>\n<\/ul>\n<p>Visning af denne hjemmeside i eksterne frames er kun tilladt med skriftlig tilladelse.<\/p>\n<ul>\n<li>5 S\u00e6rlige vilk\u00e5r for brug<br \/>\nI det omfang s\u00e6rlige betingelser for individuel brug af denne hjemmeside afviger fra de ovenn\u00e6vnte afsnit, vil dette udtrykkeligt blive angivet p\u00e5 det relevante sted. I dette tilf\u00e6lde g\u00e6lder de s\u00e6rlige vilk\u00e5r for brug i det respektive individuelle tilf\u00e6lde.<\/li>\n<\/ul>\n<\/div><\/section>","protected":false},"excerpt":{"rendered":"","protected":false},"author":1,"featured_media":0,"parent":0,"menu_order":0,"comment_status":"closed","ping_status":"closed","template":"","meta":{"footnotes":""},"class_list":["post-2123","page","type-page","status-publish","hentry"],"_links":{"self":[{"href":"https:\/\/service4sales.de\/da\/wp-json\/wp\/v2\/pages\/2123","targetHints":{"allow":["GET"]}}],"collection":[{"href":"https:\/\/service4sales.de\/da\/wp-json\/wp\/v2\/pages"}],"about":[{"href":"https:\/\/service4sales.de\/da\/wp-json\/wp\/v2\/types\/page"}],"author":[{"embeddable":true,"href":"https:\/\/service4sales.de\/da\/wp-json\/wp\/v2\/users\/1"}],"replies":[{"embeddable":true,"href":"https:\/\/service4sales.de\/da\/wp-json\/wp\/v2\/comments?post=2123"}],"version-history":[{"count":8,"href":"https:\/\/service4sales.de\/da\/wp-json\/wp\/v2\/pages\/2123\/revisions"}],"predecessor-version":[{"id":2202,"href":"https:\/\/service4sales.de\/da\/wp-json\/wp\/v2\/pages\/2123\/revisions\/2202"}],"wp:attachment":[{"href":"https:\/\/service4sales.de\/da\/wp-json\/wp\/v2\/media?parent=2123"}],"curies":[{"name":"wp","href":"https:\/\/api.w.org\/{rel}","templated":true}]}}