{"id":2178,"date":"2023-06-27T11:59:15","date_gmt":"2023-06-27T09:59:15","guid":{"rendered":"https:\/\/service4sales.de\/?page_id=2178"},"modified":"2023-08-08T12:22:27","modified_gmt":"2023-08-08T10:22:27","slug":"datenschutzerklaerung","status":"publish","type":"page","link":"https:\/\/service4sales.de\/da\/datenschutzerklaerung\/","title":{"rendered":"Privatlivspolitik"},"content":{"rendered":"<div id='av_section_1'  class='avia-section av-27rhle-f3b182648f59c409357dbf88dcc5cb5f main_color avia-section-default avia-no-border-styling  avia-builder-el-0  avia-builder-el-no-sibling  avia-bg-style-scroll container_wrap fullsize'  ><div class='container av-section-cont-open' ><main  role=\"main\" itemprop=\"mainContentOfPage\"  class='template-page content  av-content-full alpha units'><div class='post-entry post-entry-type-page post-entry-2178'><div class='entry-content-wrapper clearfix'>\n\n<style type=\"text\/css\" data-created_by=\"avia_inline_auto\" id=\"style-css-av-lje47n5q-8a42fe8ad0df64b4dd9b6183f6d8c367\">\n#top .av-special-heading.av-lje47n5q-8a42fe8ad0df64b4dd9b6183f6d8c367{\npadding-bottom:10px;\n}\nbody .av-special-heading.av-lje47n5q-8a42fe8ad0df64b4dd9b6183f6d8c367 .av-special-heading-tag .heading-char{\nfont-size:25px;\n}\n.av-special-heading.av-lje47n5q-8a42fe8ad0df64b4dd9b6183f6d8c367 .av-subheading{\nfont-size:15px;\n}\n<\/style>\n<div  class='av-special-heading av-lje47n5q-8a42fe8ad0df64b4dd9b6183f6d8c367 av-special-heading-h1 blockquote modern-quote  avia-builder-el-1  el_before_av_textblock  avia-builder-el-first'><h1 class='av-special-heading-tag'  itemprop=\"headline\"  >Privatlivspolitik<\/h1><div class=\"special-heading-border\"><div class=\"special-heading-inner-border\"><\/div><\/div><\/div>\n<section  class='av_textblock_section av-lje480b0-a1898d521faf5b075c28617a7a375983'  itemscope=\"itemscope\" itemtype=\"https:\/\/schema.org\/CreativeWork\" ><div class='avia_textblock'  itemprop=\"text\" ><p><strong>Beskyttelse af data<\/strong><\/p>\n<p><strong>Ansvarlig er den <\/strong><\/p>\n<p><strong>service<\/strong><strong>4<\/strong><strong>sales gmbh,<br \/>\n<\/strong>Am Osterberg 9, 21220 Seevetal<br \/>\nTelefon: +49 (0) 4185 70 80 90<br \/>\nE-mail:\u00a0<a href=\"mailto:info@service4sales.de\">info@service4sales.de<\/a><\/p>\n<p>Repr\u00e6senteret af Uwe Christensen og Beryll Daub.<\/p>\n<p><strong>Oplysninger om databeskyttelse<\/strong><\/p>\n<p>I det f\u00f8lgende vil vi gerne informere dig om vores privatlivspolitik. Her finder du oplysninger om indsamling og brug af personlige data, n\u00e5r du bruger vores hjemmeside. Vi overholder de databeskyttelseslove, der g\u00e6lder i Europa og Tyskland. Du kan til enhver tid f\u00e5 adgang til denne erkl\u00e6ring p\u00e5 vores hjemmeside.<\/p>\n<p>Vi g\u00f8r udtrykkeligt opm\u00e6rksom p\u00e5, at datatransmission p\u00e5 internettet (f.eks. kommunikation via e-mail) er underlagt sikkerhedshuller og ikke kan beskyttes fuldst\u00e6ndigt mod adgang fra tredjeparter.<\/p>\n<p><strong>Personlige data<\/strong><br \/>\nDu kan bes\u00f8ge vores hjemmeside uden at afgive personoplysninger. I det omfang, der indsamles personoplysninger (f.eks. navn, adresse eller e-mailadresse) p\u00e5 vores sider, sker dette s\u00e5 vidt muligt p\u00e5 frivillig basis. Disse data vil ikke blive videregivet til tredjepart uden dit udtrykkelige samtykke.<\/p>\n<p>Hvis der skal etableres et kontraktforhold mellem dig og os, eller hvis indholdet skal udvikles eller \u00e6ndres, eller hvis du sender os en foresp\u00f8rgsel, indsamler og bruger vi de data, du giver os, udelukkende til dette form\u00e5l. Alle personoplysninger opbevares kun, s\u00e5 l\u00e6nge det er n\u00f8dvendigt til det angivne form\u00e5l (f.eks. behandling af din foresp\u00f8rgsel eller h\u00e5ndtering af en kontrakt). N\u00e5r form\u00e5let er opfyldt, slettes de lagrede data, eller behandlingen af dem begr\u00e6nses. I den forbindelse tages der hensyn til f.eks. skatte- og handelslovgivning samt andre lovm\u00e6ssigt foreskrevne opbevaringsperioder.<\/p>\n<p>Tjenesteudbydere, der leverer personlige data p\u00e5 vores vegne, har indg\u00e5et en ordrebehandlingskontrakt med os.<\/p>\n<p><strong>Sm\u00e5kager<\/strong><br \/>\nVi s\u00e6tter ikke cookies, der ikke er teknisk n\u00f8dvendige.<\/p>\n<p>Retsgrundlaget er vores legitime interesse i henhold til art. 6 stk. 1 lit. f DS-GVO, fordi vi \u00f8nsker at sikre en sikker forbindelse, komfortabel brug og selvf\u00f8lgelig systemsikkerhed og stabilitet. Vi bruger ikke cookies, der kr\u00e6ver samtykke. Uanset dette kan du indstille din browser til at forhindre cookies i at blive gemt.<\/p>\n<p>Vi sporer eller profilerer ikke.<\/p>\n<p><strong>Dine rettigheder<\/strong><br \/>\nDu har f\u00f8lgende rettigheder med hensyn til dine personlige data indsamlet af service4sales:<\/p>\n<p>- Ret til adgang (i henhold til art. 15 DS-GVO)<br \/>\n- Ret til berigtigelse eller komplettering (i henhold til art. 16 DS-GVO)<br \/>\n- Ret til sletning (i henhold til art. 17 DS-GVO), hvis ingen kontraktlige eller juridiske forpligtelser eller rettigheder er i modstrid med dette.<br \/>\n- Ret til begr\u00e6nsning af behandling (i henhold til art. 18 DS-GVO)<br \/>\n- Ret til indsigelse (i henhold til art. 21 DS-GVO)<br \/>\n- Ret til dataportabilitet (i henhold til art. 20 DS-GVO)<\/p>\n<p>Desuden har du i overensstemmelse med art. 77 DS-GVO ret til at klage til en databeskyttelsestilsynsmyndighed over behandlingen af personoplysninger fra service4sales GmbH. Du kan finde en liste med adresser p\u00e5 databeskyttelsesmyndigheder <a href=\"https:\/\/www.bfdi.bund.de\/DE\/Service\/Anschriften\/Laender\/Laender-node.html\">her<\/a>.<\/p>\n<p><strong>Tilbagekaldelse og kontakt<\/strong><\/p>\n<p>Hvis du har givet dit samtykke til behandling af dine data, kan du til enhver tid tilbagekalde dette samtykke. Efter en tilbagekaldelse er yderligere behandling af personoplysninger ikke l\u00e6ngere tilladt.<\/p>\n<p>Bem\u00e6rk venligst, at vi kan \u00e6ndre denne privatlivspolitik efter behov for at sikre, at den altid overholder de g\u00e6ldende lovkrav, eller for at kommunikere \u00e6ndringer i vores tjenester om privatlivspolitikken. Den nye privatlivspolitik vil s\u00e5 g\u00e6lde for dit n\u00e6ste bes\u00f8g.<\/p>\n<p>Hvis du har sp\u00f8rgsm\u00e5l til behandlingen af dine personoplysninger, bedes du skrive til vores databeskyttelsesr\u00e5dgiver hans-dieter.neumann@posteo.de eller til sales4service GmbH, Am Osterberg, 21220 Seevetal.<\/p>\n<\/div><\/section>","protected":false},"excerpt":{"rendered":"","protected":false},"author":1,"featured_media":0,"parent":0,"menu_order":0,"comment_status":"closed","ping_status":"closed","template":"","meta":{"footnotes":""},"class_list":["post-2178","page","type-page","status-publish","hentry"],"_links":{"self":[{"href":"https:\/\/service4sales.de\/da\/wp-json\/wp\/v2\/pages\/2178","targetHints":{"allow":["GET"]}}],"collection":[{"href":"https:\/\/service4sales.de\/da\/wp-json\/wp\/v2\/pages"}],"about":[{"href":"https:\/\/service4sales.de\/da\/wp-json\/wp\/v2\/types\/page"}],"author":[{"embeddable":true,"href":"https:\/\/service4sales.de\/da\/wp-json\/wp\/v2\/users\/1"}],"replies":[{"embeddable":true,"href":"https:\/\/service4sales.de\/da\/wp-json\/wp\/v2\/comments?post=2178"}],"version-history":[{"count":3,"href":"https:\/\/service4sales.de\/da\/wp-json\/wp\/v2\/pages\/2178\/revisions"}],"predecessor-version":[{"id":2218,"href":"https:\/\/service4sales.de\/da\/wp-json\/wp\/v2\/pages\/2178\/revisions\/2218"}],"wp:attachment":[{"href":"https:\/\/service4sales.de\/da\/wp-json\/wp\/v2\/media?parent=2178"}],"curies":[{"name":"wp","href":"https:\/\/api.w.org\/{rel}","templated":true}]}}